{"id":2929,"date":"2025-09-24T18:23:50","date_gmt":"2025-09-24T18:23:50","guid":{"rendered":"https:\/\/castillosalsa.com\/privacy-statement-eu\/"},"modified":"2025-09-26T15:02:29","modified_gmt":"2025-09-26T15:02:29","slug":"privacy-policy","status":"publish","type":"page","link":"https:\/\/castillosalsa.com\/es\/privacy-policy\/","title":{"rendered":"Pol\u00edtica de privacidad"},"content":{"rendered":"<div data-elementor-type=\"wp-page\" data-elementor-id=\"2929\" class=\"elementor elementor-2929\" data-elementor-post-type=\"page\">\n\t\t\t\t<div class=\"elementor-element elementor-element-40613f5d e-flex e-con-boxed e-con e-parent\" data-id=\"40613f5d\" data-element_type=\"container\" data-e-type=\"container\" data-settings=\"{&quot;shape_divider_top&quot;:&quot;curve&quot;}\">\n\t\t\t\t\t<div class=\"e-con-inner\">\n\t\t\t\t<div class=\"elementor-shape elementor-shape-top\" aria-hidden=\"true\" data-negative=\"false\">\n\t\t\t<svg xmlns=\"http:\/\/www.w3.org\/2000\/svg\" viewbox=\"0 0 1000 100\" preserveaspectratio=\"none\">\n    <path class=\"elementor-shape-fill\" d=\"M1000,4.3V0H0v4.3C0.9,23.1,126.7,99.2,500,100S1000,22.7,1000,4.3z\"\/>\n<\/svg>\t\t<\/div>\n\t\t\t\t<div class=\"elementor-element elementor-element-3a07b65 elementor-widget-mobile__width-initial elementor-widget elementor-widget-heading\" data-id=\"3a07b65\" data-element_type=\"widget\" data-e-type=\"widget\" data-widget_type=\"heading.default\">\n\t\t\t\t<div class=\"elementor-widget-container\">\n\t\t\t\t\t<h1 class=\"elementor-heading-title elementor-size-default\">Pol\u00edtica de privacidad<\/h1>\t\t\t\t<\/div>\n\t\t\t\t<\/div>\n\t\t\t\t<div class=\"elementor-element elementor-element-6a9f66f5 elementor-widget__width-initial elementor-widget elementor-widget-shortcode\" data-id=\"6a9f66f5\" data-element_type=\"widget\" data-e-type=\"widget\" data-widget_type=\"shortcode.default\">\n\t\t\t\t<div class=\"elementor-widget-container\">\n\t\t\t\t\t\t\t<div class=\"elementor-shortcode\">\n<!-- Legal document generated by Complianz | GDPR\/CCPA Cookie Consent https:\/\/wordpress.org\/plugins\/complianz-gdpr -->\n<div id=\"cmplz-document\" class=\"cmplz-document privacy-statement cmplz-document-eu\"><p><i>Esta declaraci\u00f3n de privacidad se actualiz\u00f3 por \u00faltima vez el septiembre 24, 2025 y se aplica a los ciudadanos y residentes legales permanentes del Espacio Econ\u00f3mico Europeo y Suiza.<\/i><br \/><br \/><\/p><p><p>En esta declaraci\u00f3n de privacidad, explicamos lo que hacemos con los datos que obtenemos sobre usted a trav\u00e9s de <a href=\"https:\/\/castillosalsa.com\/es\">https:\/\/castillosalsa.com\/es<\/a>. Le recomendamos que lea atentamente esta declaraci\u00f3n. En nuestro tratamiento cumplimos con los requisitos de la legislaci\u00f3n sobre privacidad. Esto significa, entre otras cosas, que:<\/p><ul>\n                <li>indicamos claramente los fines para los que procesamos los datos personales. Hacemos esto mediante esta declaraci\u00f3n de privacidad.<\/li>\n                <li>nos proponemos limitar nuestra recopilaci\u00f3n de datos personales a los datos personales necesarios para fines leg\u00edtimos;<\/li>\n                <li>en primer lugar, solicitamos su consentimiento expl\u00edcito para el tratamiento de sus datos personales en los casos en que sea necesario.<\/li>\n                <li>tomamos las medidas de seguridad adecuadas para proteger sus datos personales y tambi\u00e9n lo exigimos a las partes que procesan datos personales en nuestro nombre;<\/li>\n                <li>respetamos su derecho a acceder, rectificar o cancelar sus datos personales previa solicitud.<\/li>\n            <\/ul><p>Si tiene alguna pregunta o quiere saber exactamente qu\u00e9 datos guardamos de usted, p\u00f3ngase en contacto con nosotros.<\/p><\/p><h2>1. Prop\u00f3sito, datos y periodo de retenci\u00f3n<\/h2>Podemos recopilar o recibir informaci\u00f3n personal para un n\u00famero de prop\u00f3sitos relacionados con nuestras operaciones comerciales, que pueden incluir lo siguiente: (haga clic para expandir) <details class=\"cmplz-dropdown dropdown-privacy-statement\"><summary><div><h3>1.1 Vender o compartir los datos con un tercero<\/h3><\/div><\/summary><p class=\"cmplz-subtitle\">Para ello utilizamos los siguientes datos:<\/p><p><ul><li>Un nombre y apellido<\/li><li>Una direcci\u00f3n de correo electr\u00f3nico<\/li><li>Un n\u00famero de tel\u00e9fono<\/li><\/ul><\/p><p class=\"cmplz-subtitle\">La base sobre la que podemos procesar estos datos es:<\/p><p><a target=\"_blank\" rel=\"noopener noreferrer nofollow\" href=\"https:\/\/cookiedatabase.org\/legal-bases\/#consent\">Tras la prestaci\u00f3n del consentimiento. <\/a><\/p><p class=\"cmplz-subtitle\">Per\u00edodo de retenci\u00f3n<\/p><p>Retendremos estos datos hasta que el servicio sea cancelado.<\/p><\/details><details class=\"cmplz-dropdown dropdown-privacy-statement\"><summary><div><h3>1.2 Boletines de noticias<\/h3><\/div><\/summary><p class=\"cmplz-subtitle\">Para ello utilizamos los siguientes datos:<\/p><p><ul><li>Un nombre y apellido<\/li><li>Una direcci\u00f3n de correo electr\u00f3nico<\/li><li>Un n\u00famero de tel\u00e9fono<\/li><\/ul><\/p><p class=\"cmplz-subtitle\">La base sobre la que podemos procesar estos datos es:<\/p><p><a target=\"_blank\" rel=\"noopener noreferrer nofollow\" href=\"https:\/\/cookiedatabase.org\/legal-bases\/#consent\">Tras la prestaci\u00f3n del consentimiento. <\/a><\/p><p class=\"cmplz-subtitle\">Per\u00edodo de retenci\u00f3n<\/p><p>Retendremos estos datos hasta que el servicio sea cancelado.<\/p><\/details><details class=\"cmplz-dropdown dropdown-privacy-statement\"><summary><div><h3>1.3 Contacto - Por tel\u00e9fono, correo, correo electr\u00f3nico y\/o formularios en el sitio web<\/h3><\/div><\/summary><p class=\"cmplz-subtitle\">Para ello utilizamos los siguientes datos:<\/p><p><ul><li>Un nombre y apellido<\/li><li>Nombre de cuenta o alias<\/li><li>Una direcci\u00f3n de correo electr\u00f3nico<\/li><li>Un n\u00famero de tel\u00e9fono<\/li><\/ul><\/p><p class=\"cmplz-subtitle\">La base sobre la que podemos procesar estos datos es:<\/p><p><a target=\"_blank\" rel=\"noopener noreferrer nofollow\" href=\"https:\/\/cookiedatabase.org\/legal-bases\/#consent\">Tras la prestaci\u00f3n del consentimiento. <\/a><\/p><p class=\"cmplz-subtitle\">Per\u00edodo de retenci\u00f3n<\/p><p>Retendremos estos datos hasta que el servicio sea cancelado.<\/p><\/details><h2>2. Cookies<\/h2><p>Nuestra web utiliza cookies. Para m\u00e1s informaci\u00f3n acerca de las cookies, por favor consulte nuestra <a href=\"https:\/\/castillosalsa.com\/es\/cookie-policy\/\">Pol\u00edtica de cookies<\/a>.&nbsp;<\/p><h2>3. Pr\u00e1cticas de divulgaci\u00f3n<\/h2><p><p>Divulgamos informaci\u00f3n personal si nos lo exige la ley o una orden judicial, en respuesta a un organismo encargado de hacer cumplir la ley, en la medida en que lo permitan otras disposiciones legales, para proporcionar informaci\u00f3n o para una investigaci\u00f3n sobre un asunto relacionado con la seguridad p\u00fablica.<\/p><p>Si nuestro sitio web o nuestra organizaci\u00f3n son adquiridos, vendidos o participan en una fusi\u00f3n o adquisici\u00f3n, sus datos podr\u00e1n ser revelados a nuestros asesores y a los posibles compradores, y se transmitir\u00e1n a los nuevos propietarios.<\/p><\/p><p>Tenemos un Acuerdo de procesamiento de datos con Google.<\/p><h2>4. Seguridad<\/h2><p>Estamos comprometidos con la seguridad de los datos personales. Tomamos las medidas de seguridad adecuadas para limitar el abuso y el acceso no autorizado a los datos personales. Esto asegura que s\u00f3lo las personas necesarias tengan acceso a sus datos, que el acceso a los datos est\u00e9 protegido y que nuestras medidas de seguridad sean revisadas regularmente.<\/p><h2>5. Webs de terceros<\/h2><p>Esta declaraci\u00f3n de privacidad no se aplica a las webs de terceros conectadas mediante enlaces en nuestra web. No podemos garantizar que estas terceras partes manejen sus datos personales de forma fiable o segura. Le recomendamos que lea las declaraciones de privacidad de estas webs antes de utilizarlas.<\/p><h2>6. Modificaciones de esta declaraci\u00f3n de privacidad<\/h2><p>Nos reservamos el derecho de hacer enmiendas a esta declaraci\u00f3n de privacidad. Se recomienda que consulte esta declaraci\u00f3n de privacidad regularmente para estar al tanto de cualquier cambio. Adem\u00e1s, le informaremos activamente siempre que sea posible.<\/p><h2>7. Acceso y modificaci\u00f3n de sus datos<\/h2><p>Si tiene alguna pregunta o desea saber qu\u00e9 datos personales tenemos sobre usted, p\u00f3ngase en contacto con nosotros. Puede ponerse en contacto con nosotros utilizando la siguiente informaci\u00f3n. Usted tiene los siguientes derechos:<\/p><ul>\n                <li>Usted tiene derecho a saber por qu\u00e9 se necesitan sus datos personales, qu\u00e9 pasar\u00e1 con ellos y durante cu\u00e1nto tiempo se conservar\u00e1n.<\/li>\n                <li>Derecho de acceso: Tiene derecho a acceder a los datos personales que conocemos sobre usted.<\/li>\n                <li>Derecho de rectificaci\u00f3n: tiene derecho a completar, rectificar, borrar o bloquear sus datos personales cuando lo desee.<\/li>\n                <li>Si usted nos da su consentimiento para procesar sus datos, tiene derecho a revocar dicho consentimiento y a que se eliminen sus datos personales.<\/li>\n                <li>Derecho de cesi\u00f3n de sus datos: tiene derecho a solicitar todos sus datos personales al responsable y a transferirlos \u00edntegramente a otro responsable del tratamiento de datos.<\/li>\n                <li>Derecho de oposici\u00f3n: usted puede oponerse al tratamiento de sus datos. Nosotros cumplimos con esto, a menos que existan motivos justificados para el tratamiento.<\/li>\n            <\/ul><p>Por favor, aseg\u00farese de indicar siempre claramente qui\u00e9n es usted, para que podamos estar seguros de que no modificamos o eliminamos ning\u00fan dato de la persona equivocada.<\/p><h2>8. Enviar una reclamaci\u00f3n<\/h2><p>Si no est\u00e1 satisfecho con la forma en que tratamos o procesamos sus datos personales, tiene derecho a presentar una queja a la Autoridad de protecci\u00f3n de datos.<\/p><h2>9. Datos de contacto<\/h2><p>Castillo.Salsa<br \/>\n        Nowowiejska 86<br \/>\n        Polonia<br \/>\n        Web: <a href=\"https:\/\/castillosalsa.com\/es\">https:\/\/castillosalsa.com\/es<\/a> <br \/>\n        Correo electr\u00f3nico: <span class=\"cmplz-obfuscate\">t&#101;a&#109;&#046;&#099;a&#115;t&#105;&#108;lo&#115;&#097;&#108;sa@<span class=\"cmplz-fmail-domain\">ex&#046;&#099;&#111;&#109;<\/span>&#103;m&#097;&#105;&#108;&#046;&#099;o&#109;<\/span> <br \/>\n        N\u00famero de tel\u00e9fono: +48 603-335-006<\/p><\/div><\/div>\n\t\t\t\t\t\t<\/div>\n\t\t\t\t<\/div>\n\t\t\t\t\t<\/div>\n\t\t\t\t<\/div>\n\t\t\t\t<\/div>","protected":false},"excerpt":{"rendered":"<p>Pol\u00edtica de privacidad<\/p>","protected":false},"author":1,"featured_media":0,"parent":0,"menu_order":0,"comment_status":"closed","ping_status":"closed","template":"","meta":{"footnotes":""},"class_list":["post-2929","page","type-page","status-publish","hentry"],"aioseo_notices":[],"aioseo_head":"\n\t\t<!-- All in One SEO Pro 4.9.0 - aioseo.com -->\n\t<meta name=\"description\" content=\"Privacy policy Esta declaraci\u00f3n de privacidad se actualiz\u00f3 por \u00faltima vez el septiembre 24, 2025 y se aplica a los ciudadanos y residentes legales permanentes del Espacio Econ\u00f3mico Europeo y Suiza.En esta declaraci\u00f3n de privacidad, explicamos lo que hacemos con los datos que obtenemos sobre usted a trav\u00e9s de https:\/\/castillosalsa.com\/es. Le recomendamos que lea atentamente\" \/>\n\t<meta name=\"robots\" content=\"max-image-preview:large\" \/>\n\t<meta name=\"google-site-verification\" content=\"s_HHf4fGUOEfci2Of7lIv2YArZhojp52tdFEKANWKn8\" \/>\n\t<link rel=\"canonical\" href=\"https:\/\/castillosalsa.com\/es\/privacy-policy\/\" \/>\n\t<meta name=\"generator\" content=\"All in One SEO Pro (AIOSEO) 4.9.0\" \/>\n\t\t<meta property=\"og:locale\" content=\"es_ES\" \/>\n\t\t<meta property=\"og:site_name\" content=\"Castillo.Salsa - Cuban Salsa Entertainment for Weddings &amp; Corporate Events\" \/>\n\t\t<meta property=\"og:type\" content=\"article\" \/>\n\t\t<meta property=\"og:title\" content=\"Privacy Policy - Castillo.Salsa\" \/>\n\t\t<meta property=\"og:description\" content=\"Privacy policy Esta declaraci\u00f3n de privacidad se actualiz\u00f3 por \u00faltima vez el septiembre 24, 2025 y se aplica a los ciudadanos y residentes legales permanentes del Espacio Econ\u00f3mico Europeo y Suiza.En esta declaraci\u00f3n de privacidad, explicamos lo que hacemos con los datos que obtenemos sobre usted a trav\u00e9s de https:\/\/castillosalsa.com\/es. Le recomendamos que lea atentamente\" \/>\n\t\t<meta property=\"og:url\" content=\"https:\/\/castillosalsa.com\/es\/privacy-policy\/\" \/>\n\t\t<meta property=\"og:image\" content=\"https:\/\/castillosalsa.com\/wp-content\/uploads\/2025\/10\/Diseno-sin-titulo-3.png\" \/>\n\t\t<meta property=\"og:image:secure_url\" content=\"https:\/\/castillosalsa.com\/wp-content\/uploads\/2025\/10\/Diseno-sin-titulo-3.png\" \/>\n\t\t<meta property=\"og:image:width\" content=\"506\" \/>\n\t\t<meta property=\"og:image:height\" content=\"701\" \/>\n\t\t<meta property=\"article:published_time\" content=\"2025-09-24T18:23:50+00:00\" \/>\n\t\t<meta property=\"article:modified_time\" content=\"2025-09-26T15:02:29+00:00\" \/>\n\t\t<meta property=\"article:publisher\" content=\"https:\/\/www.facebook.com\/profile.php?id=61577986204459\" \/>\n\t\t<meta name=\"twitter:card\" content=\"summary_large_image\" \/>\n\t\t<meta name=\"twitter:title\" content=\"Privacy Policy - Castillo.Salsa\" \/>\n\t\t<meta name=\"twitter:description\" content=\"Privacy policy Esta declaraci\u00f3n de privacidad se actualiz\u00f3 por \u00faltima vez el septiembre 24, 2025 y se aplica a los ciudadanos y residentes legales permanentes del Espacio Econ\u00f3mico Europeo y Suiza.En esta declaraci\u00f3n de privacidad, explicamos lo que hacemos con los datos que obtenemos sobre usted a trav\u00e9s de https:\/\/castillosalsa.com\/es. Le recomendamos que lea atentamente\" \/>\n\t\t<meta name=\"twitter:image\" content=\"https:\/\/castillosalsa.com\/wp-content\/uploads\/2025\/10\/Diseno-sin-titulo-3.png\" \/>\n\t\t<script type=\"application\/ld+json\" class=\"aioseo-schema\">\n\t\t\t{\"@context\":\"https:\\\/\\\/schema.org\",\"@graph\":[{\"@type\":\"BreadcrumbList\",\"@id\":\"https:\\\/\\\/castillosalsa.com\\\/es\\\/privacy-policy\\\/#breadcrumblist\",\"itemListElement\":[{\"@type\":\"ListItem\",\"@id\":\"https:\\\/\\\/castillosalsa.com\\\/es#listItem\",\"position\":1,\"name\":\"Home\",\"item\":\"https:\\\/\\\/castillosalsa.com\\\/es\",\"nextItem\":{\"@type\":\"ListItem\",\"@id\":\"https:\\\/\\\/castillosalsa.com\\\/es\\\/privacy-policy\\\/#listItem\",\"name\":\"Privacy Policy\"}},{\"@type\":\"ListItem\",\"@id\":\"https:\\\/\\\/castillosalsa.com\\\/es\\\/privacy-policy\\\/#listItem\",\"position\":2,\"name\":\"Privacy Policy\",\"previousItem\":{\"@type\":\"ListItem\",\"@id\":\"https:\\\/\\\/castillosalsa.com\\\/es#listItem\",\"name\":\"Home\"}}]},{\"@type\":\"Organization\",\"@id\":\"https:\\\/\\\/castillosalsa.com\\\/es\\\/#organization\",\"name\":\"Castillo.Salsa\",\"description\":\"Cuban Salsa Entertainment for Weddings & Corporate Events\",\"url\":\"https:\\\/\\\/castillosalsa.com\\\/es\\\/\",\"telephone\":\"+48603335006\",\"logo\":{\"@type\":\"ImageObject\",\"url\":\"https:\\\/\\\/castillosalsa.com\\\/wp-content\\\/uploads\\\/2025\\\/06\\\/logo-clean.png\",\"@id\":\"https:\\\/\\\/castillosalsa.com\\\/es\\\/privacy-policy\\\/#organizationLogo\",\"width\":500,\"height\":500,\"caption\":\"logo clean\"},\"image\":{\"@id\":\"https:\\\/\\\/castillosalsa.com\\\/es\\\/privacy-policy\\\/#organizationLogo\"},\"sameAs\":[\"https:\\\/\\\/www.facebook.com\\\/profile.php?id=61577986204459\",\"https:\\\/\\\/www.instagram.com\\\/castillo.salsa?fbclid=IwY2xjawPh6MRleHRuA2FlbQIxMABicmlkETF3MHVWNUFtUU90YjMzZWxKc3J0YwZhcHBfaWQQMjIyMDM5MTc4ODIwMDg5MgABHu2abswQltVfF9M_eHvWizbAup68OnxFTN-iI3Ww3ff4T_ccuquuECi2JUzy_aem_rKYbjYEPkMLEn541QJ0BEw\",\"https:\\\/\\\/www.tiktok.com\\\/@castillo.salsa?is_from_webapp=1&sender_device=pc\"]},{\"@type\":\"WebPage\",\"@id\":\"https:\\\/\\\/castillosalsa.com\\\/es\\\/privacy-policy\\\/#webpage\",\"url\":\"https:\\\/\\\/castillosalsa.com\\\/es\\\/privacy-policy\\\/\",\"name\":\"Privacy Policy - Castillo.Salsa\",\"description\":\"Privacy policy Esta declaraci\\u00f3n de privacidad se actualiz\\u00f3 por \\u00faltima vez el septiembre 24, 2025 y se aplica a los ciudadanos y residentes legales permanentes del Espacio Econ\\u00f3mico Europeo y Suiza.En esta declaraci\\u00f3n de privacidad, explicamos lo que hacemos con los datos que obtenemos sobre usted a trav\\u00e9s de https:\\\/\\\/castillosalsa.com\\\/es. Le recomendamos que lea atentamente\",\"inLanguage\":\"es-ES\",\"isPartOf\":{\"@id\":\"https:\\\/\\\/castillosalsa.com\\\/es\\\/#website\"},\"breadcrumb\":{\"@id\":\"https:\\\/\\\/castillosalsa.com\\\/es\\\/privacy-policy\\\/#breadcrumblist\"},\"datePublished\":\"2025-09-24T18:23:50+00:00\",\"dateModified\":\"2025-09-26T15:02:29+00:00\"},{\"@type\":\"WebSite\",\"@id\":\"https:\\\/\\\/castillosalsa.com\\\/es\\\/#website\",\"url\":\"https:\\\/\\\/castillosalsa.com\\\/es\\\/\",\"name\":\"Castillo.Salsa\",\"description\":\"Cuban Salsa Entertainment for Weddings & Corporate Events\",\"inLanguage\":\"es-ES\",\"publisher\":{\"@id\":\"https:\\\/\\\/castillosalsa.com\\\/es\\\/#organization\"}}]}\n\t\t<\/script>\n\t\t<!-- All in One SEO Pro -->\r\n\t\t<title>Privacy Policy - Castillo.Salsa<\/title>\n\n","aioseo_head_json":{"title":"Privacy Policy - Castillo.Salsa","description":"Privacy policy Esta declaraci\u00f3n de privacidad se actualiz\u00f3 por \u00faltima vez el septiembre 24, 2025 y se aplica a los ciudadanos y residentes legales permanentes del Espacio Econ\u00f3mico Europeo y Suiza.En esta declaraci\u00f3n de privacidad, explicamos lo que hacemos con los datos que obtenemos sobre usted a trav\u00e9s de https:\/\/castillosalsa.com\/es. Le recomendamos que lea atentamente","canonical_url":"https:\/\/castillosalsa.com\/es\/privacy-policy\/","robots":"max-image-preview:large","keywords":"","webmasterTools":{"google-site-verification":"s_HHf4fGUOEfci2Of7lIv2YArZhojp52tdFEKANWKn8","miscellaneous":""},"schema":{"@context":"https:\/\/schema.org","@graph":[{"@type":"BreadcrumbList","@id":"https:\/\/castillosalsa.com\/es\/privacy-policy\/#breadcrumblist","itemListElement":[{"@type":"ListItem","@id":"https:\/\/castillosalsa.com\/es#listItem","position":1,"name":"Home","item":"https:\/\/castillosalsa.com\/es","nextItem":{"@type":"ListItem","@id":"https:\/\/castillosalsa.com\/es\/privacy-policy\/#listItem","name":"Privacy Policy"}},{"@type":"ListItem","@id":"https:\/\/castillosalsa.com\/es\/privacy-policy\/#listItem","position":2,"name":"Privacy Policy","previousItem":{"@type":"ListItem","@id":"https:\/\/castillosalsa.com\/es#listItem","name":"Home"}}]},{"@type":"Organization","@id":"https:\/\/castillosalsa.com\/es\/#organization","name":"Castillo.Salsa","description":"Cuban Salsa Entertainment for Weddings & Corporate Events","url":"https:\/\/castillosalsa.com\/es\/","telephone":"+48603335006","logo":{"@type":"ImageObject","url":"https:\/\/castillosalsa.com\/wp-content\/uploads\/2025\/06\/logo-clean.png","@id":"https:\/\/castillosalsa.com\/es\/privacy-policy\/#organizationLogo","width":500,"height":500,"caption":"logo clean"},"image":{"@id":"https:\/\/castillosalsa.com\/es\/privacy-policy\/#organizationLogo"},"sameAs":["https:\/\/www.facebook.com\/profile.php?id=61577986204459","https:\/\/www.instagram.com\/castillo.salsa?fbclid=IwY2xjawPh6MRleHRuA2FlbQIxMABicmlkETF3MHVWNUFtUU90YjMzZWxKc3J0YwZhcHBfaWQQMjIyMDM5MTc4ODIwMDg5MgABHu2abswQltVfF9M_eHvWizbAup68OnxFTN-iI3Ww3ff4T_ccuquuECi2JUzy_aem_rKYbjYEPkMLEn541QJ0BEw","https:\/\/www.tiktok.com\/@castillo.salsa?is_from_webapp=1&sender_device=pc"]},{"@type":"WebPage","@id":"https:\/\/castillosalsa.com\/es\/privacy-policy\/#webpage","url":"https:\/\/castillosalsa.com\/es\/privacy-policy\/","name":"Privacy Policy - Castillo.Salsa","description":"Privacy policy Esta declaraci\u00f3n de privacidad se actualiz\u00f3 por \u00faltima vez el septiembre 24, 2025 y se aplica a los ciudadanos y residentes legales permanentes del Espacio Econ\u00f3mico Europeo y Suiza.En esta declaraci\u00f3n de privacidad, explicamos lo que hacemos con los datos que obtenemos sobre usted a trav\u00e9s de https:\/\/castillosalsa.com\/es. Le recomendamos que lea atentamente","inLanguage":"es-ES","isPartOf":{"@id":"https:\/\/castillosalsa.com\/es\/#website"},"breadcrumb":{"@id":"https:\/\/castillosalsa.com\/es\/privacy-policy\/#breadcrumblist"},"datePublished":"2025-09-24T18:23:50+00:00","dateModified":"2025-09-26T15:02:29+00:00"},{"@type":"WebSite","@id":"https:\/\/castillosalsa.com\/es\/#website","url":"https:\/\/castillosalsa.com\/es\/","name":"Castillo.Salsa","description":"Cuban Salsa Entertainment for Weddings & Corporate Events","inLanguage":"es-ES","publisher":{"@id":"https:\/\/castillosalsa.com\/es\/#organization"}}]},"og:locale":"es_ES","og:site_name":"Castillo.Salsa - Cuban Salsa Entertainment for Weddings &amp; Corporate Events","og:type":"article","og:title":"Privacy Policy - Castillo.Salsa","og:description":"Privacy policy Esta declaraci\u00f3n de privacidad se actualiz\u00f3 por \u00faltima vez el septiembre 24, 2025 y se aplica a los ciudadanos y residentes legales permanentes del Espacio Econ\u00f3mico Europeo y Suiza.En esta declaraci\u00f3n de privacidad, explicamos lo que hacemos con los datos que obtenemos sobre usted a trav\u00e9s de https:\/\/castillosalsa.com\/es. Le recomendamos que lea atentamente","og:url":"https:\/\/castillosalsa.com\/es\/privacy-policy\/","og:image":"https:\/\/castillosalsa.com\/wp-content\/uploads\/2025\/10\/Diseno-sin-titulo-3.png","og:image:secure_url":"https:\/\/castillosalsa.com\/wp-content\/uploads\/2025\/10\/Diseno-sin-titulo-3.png","og:image:width":506,"og:image:height":701,"article:published_time":"2025-09-24T18:23:50+00:00","article:modified_time":"2025-09-26T15:02:29+00:00","article:publisher":"https:\/\/www.facebook.com\/profile.php?id=61577986204459","twitter:card":"summary_large_image","twitter:title":"Privacy Policy - Castillo.Salsa","twitter:description":"Privacy policy Esta declaraci\u00f3n de privacidad se actualiz\u00f3 por \u00faltima vez el septiembre 24, 2025 y se aplica a los ciudadanos y residentes legales permanentes del Espacio Econ\u00f3mico Europeo y Suiza.En esta declaraci\u00f3n de privacidad, explicamos lo que hacemos con los datos que obtenemos sobre usted a trav\u00e9s de https:\/\/castillosalsa.com\/es. Le recomendamos que lea atentamente","twitter:image":"https:\/\/castillosalsa.com\/wp-content\/uploads\/2025\/10\/Diseno-sin-titulo-3.png"},"aioseo_meta_data":{"post_id":"2929","title":null,"description":null,"keywords":null,"keyphrases":null,"primary_term":null,"canonical_url":null,"og_title":null,"og_description":null,"og_object_type":"default","og_image_type":"default","og_image_url":null,"og_image_width":null,"og_image_height":null,"og_image_custom_url":null,"og_image_custom_fields":null,"og_video":null,"og_custom_url":null,"og_article_section":null,"og_article_tags":null,"twitter_use_og":false,"twitter_card":"default","twitter_image_type":"default","twitter_image_url":null,"twitter_image_custom_url":null,"twitter_image_custom_fields":null,"twitter_title":null,"twitter_description":null,"schema":{"blockGraphs":[],"customGraphs":[],"default":{"data":{"Article":[],"Course":[],"Dataset":[],"FAQPage":[],"Movie":[],"Person":[],"Product":[],"ProductReview":[],"Car":[],"Recipe":[],"Service":[],"SoftwareApplication":[],"WebPage":[]},"graphName":"","isEnabled":true},"graphs":[]},"schema_type":"default","schema_type_options":null,"pillar_content":false,"robots_default":true,"robots_noindex":false,"robots_noarchive":false,"robots_nosnippet":false,"robots_nofollow":false,"robots_noimageindex":false,"robots_noodp":false,"robots_notranslate":false,"robots_max_snippet":null,"robots_max_videopreview":null,"robots_max_imagepreview":"large","priority":null,"frequency":null,"local_seo":null,"seo_analyzer_scan_date":"2026-01-24 18:00:59","breadcrumb_settings":null,"limit_modified_date":false,"open_ai":null,"ai":null,"created":"2026-01-24 18:00:59","updated":"2026-01-24 18:21:41"},"aioseo_breadcrumb":"<div class=\"aioseo-breadcrumbs\"><span class=\"aioseo-breadcrumb\">\n\t<a href=\"https:\/\/castillosalsa.com\/es\" title=\"Home\">Home<\/a>\n<\/span><span class=\"aioseo-breadcrumb-separator\">&raquo;<\/span><span class=\"aioseo-breadcrumb\">\n\tPrivacy Policy\n<\/span><\/div>","aioseo_breadcrumb_json":[{"label":"Home","link":"https:\/\/castillosalsa.com\/es"},{"label":"Privacy Policy","link":"https:\/\/castillosalsa.com\/es\/privacy-policy\/"}],"_links":{"self":[{"href":"https:\/\/castillosalsa.com\/es\/wp-json\/wp\/v2\/pages\/2929","targetHints":{"allow":["GET"]}}],"collection":[{"href":"https:\/\/castillosalsa.com\/es\/wp-json\/wp\/v2\/pages"}],"about":[{"href":"https:\/\/castillosalsa.com\/es\/wp-json\/wp\/v2\/types\/page"}],"author":[{"embeddable":true,"href":"https:\/\/castillosalsa.com\/es\/wp-json\/wp\/v2\/users\/1"}],"replies":[{"embeddable":true,"href":"https:\/\/castillosalsa.com\/es\/wp-json\/wp\/v2\/comments?post=2929"}],"version-history":[{"count":0,"href":"https:\/\/castillosalsa.com\/es\/wp-json\/wp\/v2\/pages\/2929\/revisions"}],"wp:attachment":[{"href":"https:\/\/castillosalsa.com\/es\/wp-json\/wp\/v2\/media?parent=2929"}],"curies":[{"name":"wp","href":"https:\/\/api.w.org\/{rel}","templated":true}]}}