{"id":154,"date":"2025-05-24T11:45:06","date_gmt":"2025-05-24T11:45:06","guid":{"rendered":"https:\/\/castillosalsa.com\/?page_id=154"},"modified":"2026-01-24T17:34:07","modified_gmt":"2026-01-24T17:34:07","slug":"404-page","status":"publish","type":"page","link":"https:\/\/castillosalsa.com\/pl\/404-page\/","title":{"rendered":"404 Page"},"content":{"rendered":"<div data-elementor-type=\"wp-page\" data-elementor-id=\"154\" class=\"elementor elementor-154\" data-elementor-post-type=\"page\">\n\t\t\t\t<div class=\"elementor-element elementor-element-7c61e011 e-flex e-con-boxed e-con e-parent\" data-id=\"7c61e011\" data-element_type=\"container\" data-e-type=\"container\" data-settings=\"{&quot;background_background&quot;:&quot;classic&quot;,&quot;shape_divider_top&quot;:&quot;curve&quot;}\">\n\t\t\t\t\t<div class=\"e-con-inner\">\n\t\t\t\t<div class=\"elementor-shape elementor-shape-top\" aria-hidden=\"true\" data-negative=\"false\">\n\t\t\t<svg xmlns=\"http:\/\/www.w3.org\/2000\/svg\" viewbox=\"0 0 1000 100\" preserveaspectratio=\"none\">\n    <path class=\"elementor-shape-fill\" d=\"M1000,4.3V0H0v4.3C0.9,23.1,126.7,99.2,500,100S1000,22.7,1000,4.3z\"\/>\n<\/svg>\t\t<\/div>\n\t\t<div class=\"elementor-element elementor-element-3e69d044 e-con-full e-flex e-con e-child\" data-id=\"3e69d044\" data-element_type=\"container\" data-e-type=\"container\">\n\t\t\t\t<div class=\"elementor-element elementor-element-c143e2f elementor-widget elementor-widget-image\" data-id=\"c143e2f\" data-element_type=\"widget\" data-e-type=\"widget\" data-widget_type=\"image.default\">\n\t\t\t\t<div class=\"elementor-widget-container\">\n\t\t\t\t\t\t\t\t\t\t\t\t\t\t\t<img fetchpriority=\"high\" decoding=\"async\" width=\"800\" height=\"800\" src=\"https:\/\/castillosalsa.com\/wp-content\/uploads\/2025\/09\/ChatGPT-Image-Sep-26-2025-04_07_15-PM.png\" class=\"attachment-large size-large wp-image-3303\" alt=\"ChatGPT Image Sep 26 2025 04 07 15 PM\" srcset=\"https:\/\/castillosalsa.com\/wp-content\/uploads\/2025\/09\/ChatGPT-Image-Sep-26-2025-04_07_15-PM.png 1024w, https:\/\/castillosalsa.com\/wp-content\/uploads\/2025\/09\/ChatGPT-Image-Sep-26-2025-04_07_15-PM-300x300.png 300w, https:\/\/castillosalsa.com\/wp-content\/uploads\/2025\/09\/ChatGPT-Image-Sep-26-2025-04_07_15-PM-150x150.png 150w, https:\/\/castillosalsa.com\/wp-content\/uploads\/2025\/09\/ChatGPT-Image-Sep-26-2025-04_07_15-PM-768x768.png 768w\" sizes=\"(max-width: 800px) 100vw, 800px\" title=\"ChatGPT Image Sep 26, 2025, 04_07_15 PM - Castillo.Salsa\" \/>\t\t\t\t\t\t\t\t\t\t\t\t\t\t\t<\/div>\n\t\t\t\t<\/div>\n\t\t\t\t<\/div>\n\t\t<div class=\"elementor-element elementor-element-3c4cb07 e-con-full e-flex e-con e-child\" data-id=\"3c4cb07\" data-element_type=\"container\" data-e-type=\"container\">\n\t\t\t\t<div class=\"elementor-element elementor-element-176025bd elementor-widget elementor-widget-heading\" data-id=\"176025bd\" data-element_type=\"widget\" data-e-type=\"widget\" data-widget_type=\"heading.default\">\n\t\t\t\t<div class=\"elementor-widget-container\">\n\t\t\t\t\t<h1 class=\"elementor-heading-title elementor-size-default\">404<\/h1>\t\t\t\t<\/div>\n\t\t\t\t<\/div>\n\t\t\t\t<div class=\"elementor-element elementor-element-674f25a7 elementor-widget-mobile__width-initial elementor-widget elementor-widget-heading\" data-id=\"674f25a7\" data-element_type=\"widget\" data-e-type=\"widget\" data-widget_type=\"heading.default\">\n\t\t\t\t<div class=\"elementor-widget-container\">\n\t\t\t\t\t<h3 class=\"elementor-heading-title elementor-size-default\">Ups! Wygl\u0105da na to, \u017ce zboczy\u0142e\u015b z kreatywnej \u015bcie\u017cki.<\/h3>\t\t\t\t<\/div>\n\t\t\t\t<\/div>\n\t\t\t\t<div class=\"elementor-element elementor-element-47c2a9d1 elementor-widget-mobile__width-initial elementor-widget elementor-widget-text-editor\" data-id=\"47c2a9d1\" data-element_type=\"widget\" data-e-type=\"widget\" data-widget_type=\"text-editor.default\">\n\t\t\t\t<div class=\"elementor-widget-container\">\n\t\t\t\t\t\t\t\t\t<p>Nie mogli\u015bmy znale\u017a\u0107 strony, kt\u00f3rej szukasz, ale nie martw si\u0119 - mamy wiele kreatywnych rozwi\u0105za\u0144, kt\u00f3re czekaj\u0105 na Ciebie.<\/p>\t\t\t\t\t\t\t\t<\/div>\n\t\t\t\t<\/div>\n\t\t\t\t<div class=\"elementor-element elementor-element-54bb7b51 elementor-tablet-align-center elementor-mobile-align-center elementor-widget elementor-widget-button\" data-id=\"54bb7b51\" data-element_type=\"widget\" data-e-type=\"widget\" data-widget_type=\"button.default\">\n\t\t\t\t<div class=\"elementor-widget-container\">\n\t\t\t\t\t\t\t\t\t<div class=\"elementor-button-wrapper\">\n\t\t\t\t\t<a class=\"elementor-button elementor-button-link elementor-size-sm\" href=\"https:\/\/castillosalsa.com\/pl\/\">\n\t\t\t\t\t\t<span class=\"elementor-button-content-wrapper\">\n\t\t\t\t\t\t<span class=\"elementor-button-icon\">\n\t\t\t\t<i aria-hidden=\"true\" class=\"rtmicon rtmicon-arrow-up-right\"><\/i>\t\t\t<\/span>\n\t\t\t\t\t\t\t\t\t<span class=\"elementor-button-text\">Powr\u00f3t do strony g\u0142\u00f3wnej<\/span>\n\t\t\t\t\t<\/span>\n\t\t\t\t\t<\/a>\n\t\t\t\t<\/div>\n\t\t\t\t\t\t\t\t<\/div>\n\t\t\t\t<\/div>\n\t\t\t\t<\/div>\n\t\t\t\t\t<\/div>\n\t\t\t\t<\/div>\n\t\t\t\t<\/div>","protected":false},"excerpt":{"rendered":"<p>404 Oops! Looks like you&#8217;ve wandered off the creative path. We couldn&#8217;t find the page you were looking for, but don\u2019t worry\u2014we\u2019ve got plenty of creative solutions waiting for you. Back to Home<\/p>","protected":false},"author":1,"featured_media":0,"parent":0,"menu_order":0,"comment_status":"closed","ping_status":"closed","template":"elementor_header_footer","meta":{"footnotes":""},"class_list":["post-154","page","type-page","status-publish","hentry"],"aioseo_notices":[],"aioseo_head":"\n\t\t<!-- All in One SEO Pro 4.9.0 - aioseo.com -->\n\t<meta name=\"description\" content=\"404 Oops! Looks like you&#039;ve wandered off the creative path. We couldn\u2019t find the page you were looking for, but don\u2019t worry\u2014we\u2019ve got plenty of creative solutions waiting for you. Back to Home\" \/>\n\t<meta name=\"robots\" content=\"max-image-preview:large\" \/>\n\t<meta name=\"google-site-verification\" content=\"s_HHf4fGUOEfci2Of7lIv2YArZhojp52tdFEKANWKn8\" \/>\n\t<link rel=\"canonical\" href=\"https:\/\/castillosalsa.com\/pl\/404-page\/\" \/>\n\t<meta name=\"generator\" content=\"All in One SEO Pro (AIOSEO) 4.9.0\" \/>\n\t\t<meta property=\"og:locale\" content=\"pl_PL\" \/>\n\t\t<meta property=\"og:site_name\" content=\"Castillo.Salsa - Cuban Salsa Entertainment for Weddings &amp; Corporate Events\" \/>\n\t\t<meta property=\"og:type\" content=\"article\" \/>\n\t\t<meta property=\"og:title\" content=\"404 Page - Castillo.Salsa\" \/>\n\t\t<meta property=\"og:description\" content=\"404 Oops! Looks like you&#039;ve wandered off the creative path. We couldn\u2019t find the page you were looking for, but don\u2019t worry\u2014we\u2019ve got plenty of creative solutions waiting for you. Back to Home\" \/>\n\t\t<meta property=\"og:url\" content=\"https:\/\/castillosalsa.com\/pl\/404-page\/\" \/>\n\t\t<meta property=\"og:image\" content=\"https:\/\/castillosalsa.com\/wp-content\/uploads\/2025\/10\/Diseno-sin-titulo-3.png\" \/>\n\t\t<meta property=\"og:image:secure_url\" content=\"https:\/\/castillosalsa.com\/wp-content\/uploads\/2025\/10\/Diseno-sin-titulo-3.png\" \/>\n\t\t<meta property=\"og:image:width\" content=\"506\" \/>\n\t\t<meta property=\"og:image:height\" content=\"701\" \/>\n\t\t<meta property=\"article:published_time\" content=\"2025-05-24T11:45:06+00:00\" \/>\n\t\t<meta property=\"article:modified_time\" content=\"2026-01-24T17:34:07+00:00\" \/>\n\t\t<meta property=\"article:publisher\" content=\"https:\/\/www.facebook.com\/profile.php?id=61577986204459\" \/>\n\t\t<meta name=\"twitter:card\" content=\"summary_large_image\" \/>\n\t\t<meta name=\"twitter:title\" content=\"404 Page - Castillo.Salsa\" \/>\n\t\t<meta name=\"twitter:description\" content=\"404 Oops! Looks like you&#039;ve wandered off the creative path. We couldn\u2019t find the page you were looking for, but don\u2019t worry\u2014we\u2019ve got plenty of creative solutions waiting for you. Back to Home\" \/>\n\t\t<meta name=\"twitter:image\" content=\"https:\/\/castillosalsa.com\/wp-content\/uploads\/2025\/10\/Diseno-sin-titulo-3.png\" \/>\n\t\t<script type=\"application\/ld+json\" class=\"aioseo-schema\">\n\t\t\t{\"@context\":\"https:\\\/\\\/schema.org\",\"@graph\":[{\"@type\":\"BreadcrumbList\",\"@id\":\"https:\\\/\\\/castillosalsa.com\\\/pl\\\/404-page\\\/#breadcrumblist\",\"itemListElement\":[{\"@type\":\"ListItem\",\"@id\":\"https:\\\/\\\/castillosalsa.com\\\/pl#listItem\",\"position\":1,\"name\":\"Home\",\"item\":\"https:\\\/\\\/castillosalsa.com\\\/pl\",\"nextItem\":{\"@type\":\"ListItem\",\"@id\":\"https:\\\/\\\/castillosalsa.com\\\/pl\\\/404-page\\\/#listItem\",\"name\":\"404 Page\"}},{\"@type\":\"ListItem\",\"@id\":\"https:\\\/\\\/castillosalsa.com\\\/pl\\\/404-page\\\/#listItem\",\"position\":2,\"name\":\"404 Page\",\"previousItem\":{\"@type\":\"ListItem\",\"@id\":\"https:\\\/\\\/castillosalsa.com\\\/pl#listItem\",\"name\":\"Home\"}}]},{\"@type\":\"Organization\",\"@id\":\"https:\\\/\\\/castillosalsa.com\\\/pl\\\/#organization\",\"name\":\"Castillo.Salsa\",\"description\":\"Cuban Salsa Entertainment for Weddings & Corporate Events\",\"url\":\"https:\\\/\\\/castillosalsa.com\\\/pl\\\/\",\"telephone\":\"+48603335006\",\"logo\":{\"@type\":\"ImageObject\",\"url\":\"https:\\\/\\\/castillosalsa.com\\\/wp-content\\\/uploads\\\/2025\\\/06\\\/logo-clean.png\",\"@id\":\"https:\\\/\\\/castillosalsa.com\\\/pl\\\/404-page\\\/#organizationLogo\",\"width\":500,\"height\":500,\"caption\":\"logo clean\"},\"image\":{\"@id\":\"https:\\\/\\\/castillosalsa.com\\\/pl\\\/404-page\\\/#organizationLogo\"},\"sameAs\":[\"https:\\\/\\\/www.facebook.com\\\/profile.php?id=61577986204459\",\"https:\\\/\\\/www.instagram.com\\\/castillo.salsa?fbclid=IwY2xjawPh6MRleHRuA2FlbQIxMABicmlkETF3MHVWNUFtUU90YjMzZWxKc3J0YwZhcHBfaWQQMjIyMDM5MTc4ODIwMDg5MgABHu2abswQltVfF9M_eHvWizbAup68OnxFTN-iI3Ww3ff4T_ccuquuECi2JUzy_aem_rKYbjYEPkMLEn541QJ0BEw\",\"https:\\\/\\\/www.tiktok.com\\\/@castillo.salsa?is_from_webapp=1&sender_device=pc\"]},{\"@type\":\"WebPage\",\"@id\":\"https:\\\/\\\/castillosalsa.com\\\/pl\\\/404-page\\\/#webpage\",\"url\":\"https:\\\/\\\/castillosalsa.com\\\/pl\\\/404-page\\\/\",\"name\":\"404 Page - Castillo.Salsa\",\"description\":\"404 Oops! Looks like you've wandered off the creative path. We couldn\\u2019t find the page you were looking for, but don\\u2019t worry\\u2014we\\u2019ve got plenty of creative solutions waiting for you. Back to Home\",\"inLanguage\":\"pl-PL\",\"isPartOf\":{\"@id\":\"https:\\\/\\\/castillosalsa.com\\\/pl\\\/#website\"},\"breadcrumb\":{\"@id\":\"https:\\\/\\\/castillosalsa.com\\\/pl\\\/404-page\\\/#breadcrumblist\"},\"datePublished\":\"2025-05-24T11:45:06+00:00\",\"dateModified\":\"2026-01-24T17:34:07+00:00\"},{\"@type\":\"WebSite\",\"@id\":\"https:\\\/\\\/castillosalsa.com\\\/pl\\\/#website\",\"url\":\"https:\\\/\\\/castillosalsa.com\\\/pl\\\/\",\"name\":\"Castillo.Salsa\",\"description\":\"Cuban Salsa Entertainment for Weddings & Corporate Events\",\"inLanguage\":\"pl-PL\",\"publisher\":{\"@id\":\"https:\\\/\\\/castillosalsa.com\\\/pl\\\/#organization\"}}]}\n\t\t<\/script>\n\t\t<!-- All in One SEO Pro -->\r\n\t\t<title>404 Page - Castillo.Salsa<\/title>\n\n","aioseo_head_json":{"title":"404 Page - Castillo.Salsa","description":"404 Oops! Looks like you've wandered off the creative path. We couldn\u2019t find the page you were looking for, but don\u2019t worry\u2014we\u2019ve got plenty of creative solutions waiting for you. Back to Home","canonical_url":"https:\/\/castillosalsa.com\/pl\/404-page\/","robots":"max-image-preview:large","keywords":"","webmasterTools":{"google-site-verification":"s_HHf4fGUOEfci2Of7lIv2YArZhojp52tdFEKANWKn8","miscellaneous":""},"schema":{"@context":"https:\/\/schema.org","@graph":[{"@type":"BreadcrumbList","@id":"https:\/\/castillosalsa.com\/pl\/404-page\/#breadcrumblist","itemListElement":[{"@type":"ListItem","@id":"https:\/\/castillosalsa.com\/pl#listItem","position":1,"name":"Home","item":"https:\/\/castillosalsa.com\/pl","nextItem":{"@type":"ListItem","@id":"https:\/\/castillosalsa.com\/pl\/404-page\/#listItem","name":"404 Page"}},{"@type":"ListItem","@id":"https:\/\/castillosalsa.com\/pl\/404-page\/#listItem","position":2,"name":"404 Page","previousItem":{"@type":"ListItem","@id":"https:\/\/castillosalsa.com\/pl#listItem","name":"Home"}}]},{"@type":"Organization","@id":"https:\/\/castillosalsa.com\/pl\/#organization","name":"Castillo.Salsa","description":"Cuban Salsa Entertainment for Weddings & Corporate Events","url":"https:\/\/castillosalsa.com\/pl\/","telephone":"+48603335006","logo":{"@type":"ImageObject","url":"https:\/\/castillosalsa.com\/wp-content\/uploads\/2025\/06\/logo-clean.png","@id":"https:\/\/castillosalsa.com\/pl\/404-page\/#organizationLogo","width":500,"height":500,"caption":"logo clean"},"image":{"@id":"https:\/\/castillosalsa.com\/pl\/404-page\/#organizationLogo"},"sameAs":["https:\/\/www.facebook.com\/profile.php?id=61577986204459","https:\/\/www.instagram.com\/castillo.salsa?fbclid=IwY2xjawPh6MRleHRuA2FlbQIxMABicmlkETF3MHVWNUFtUU90YjMzZWxKc3J0YwZhcHBfaWQQMjIyMDM5MTc4ODIwMDg5MgABHu2abswQltVfF9M_eHvWizbAup68OnxFTN-iI3Ww3ff4T_ccuquuECi2JUzy_aem_rKYbjYEPkMLEn541QJ0BEw","https:\/\/www.tiktok.com\/@castillo.salsa?is_from_webapp=1&sender_device=pc"]},{"@type":"WebPage","@id":"https:\/\/castillosalsa.com\/pl\/404-page\/#webpage","url":"https:\/\/castillosalsa.com\/pl\/404-page\/","name":"404 Page - Castillo.Salsa","description":"404 Oops! Looks like you've wandered off the creative path. We couldn\u2019t find the page you were looking for, but don\u2019t worry\u2014we\u2019ve got plenty of creative solutions waiting for you. Back to Home","inLanguage":"pl-PL","isPartOf":{"@id":"https:\/\/castillosalsa.com\/pl\/#website"},"breadcrumb":{"@id":"https:\/\/castillosalsa.com\/pl\/404-page\/#breadcrumblist"},"datePublished":"2025-05-24T11:45:06+00:00","dateModified":"2026-01-24T17:34:07+00:00"},{"@type":"WebSite","@id":"https:\/\/castillosalsa.com\/pl\/#website","url":"https:\/\/castillosalsa.com\/pl\/","name":"Castillo.Salsa","description":"Cuban Salsa Entertainment for Weddings & Corporate Events","inLanguage":"pl-PL","publisher":{"@id":"https:\/\/castillosalsa.com\/pl\/#organization"}}]},"og:locale":"pl_PL","og:site_name":"Castillo.Salsa - Cuban Salsa Entertainment for Weddings &amp; Corporate Events","og:type":"article","og:title":"404 Page - Castillo.Salsa","og:description":"404 Oops! Looks like you've wandered off the creative path. We couldn\u2019t find the page you were looking for, but don\u2019t worry\u2014we\u2019ve got plenty of creative solutions waiting for you. Back to Home","og:url":"https:\/\/castillosalsa.com\/pl\/404-page\/","og:image":"https:\/\/castillosalsa.com\/wp-content\/uploads\/2025\/10\/Diseno-sin-titulo-3.png","og:image:secure_url":"https:\/\/castillosalsa.com\/wp-content\/uploads\/2025\/10\/Diseno-sin-titulo-3.png","og:image:width":506,"og:image:height":701,"article:published_time":"2025-05-24T11:45:06+00:00","article:modified_time":"2026-01-24T17:34:07+00:00","article:publisher":"https:\/\/www.facebook.com\/profile.php?id=61577986204459","twitter:card":"summary_large_image","twitter:title":"404 Page - Castillo.Salsa","twitter:description":"404 Oops! Looks like you've wandered off the creative path. We couldn\u2019t find the page you were looking for, but don\u2019t worry\u2014we\u2019ve got plenty of creative solutions waiting for you. Back to Home","twitter:image":"https:\/\/castillosalsa.com\/wp-content\/uploads\/2025\/10\/Diseno-sin-titulo-3.png"},"aioseo_meta_data":{"post_id":"154","title":null,"description":null,"keywords":null,"keyphrases":null,"primary_term":null,"canonical_url":null,"og_title":null,"og_description":null,"og_object_type":"default","og_image_type":"default","og_image_url":null,"og_image_width":null,"og_image_height":null,"og_image_custom_url":null,"og_image_custom_fields":null,"og_video":null,"og_custom_url":null,"og_article_section":null,"og_article_tags":null,"twitter_use_og":false,"twitter_card":"default","twitter_image_type":"default","twitter_image_url":null,"twitter_image_custom_url":null,"twitter_image_custom_fields":null,"twitter_title":null,"twitter_description":null,"schema":{"blockGraphs":[],"customGraphs":[],"default":{"data":{"Article":[],"Course":[],"Dataset":[],"FAQPage":[],"Movie":[],"Person":[],"Product":[],"ProductReview":[],"Car":[],"Recipe":[],"Service":[],"SoftwareApplication":[],"WebPage":[]},"graphName":"","isEnabled":true},"graphs":[]},"schema_type":"default","schema_type_options":null,"pillar_content":false,"robots_default":true,"robots_noindex":false,"robots_noarchive":false,"robots_nosnippet":false,"robots_nofollow":false,"robots_noimageindex":false,"robots_noodp":false,"robots_notranslate":false,"robots_max_snippet":null,"robots_max_videopreview":null,"robots_max_imagepreview":"large","priority":null,"frequency":null,"local_seo":null,"seo_analyzer_scan_date":"2026-01-24 17:59:17","breadcrumb_settings":null,"limit_modified_date":false,"open_ai":null,"ai":null,"created":"2026-01-24 17:59:17","updated":"2026-01-24 18:21:11"},"aioseo_breadcrumb":"<div class=\"aioseo-breadcrumbs\"><span class=\"aioseo-breadcrumb\">\n\t<a href=\"https:\/\/castillosalsa.com\/pl\" title=\"Home\">Home<\/a>\n<\/span><span class=\"aioseo-breadcrumb-separator\">&raquo;<\/span><span class=\"aioseo-breadcrumb\">\n\t404 Page\n<\/span><\/div>","aioseo_breadcrumb_json":[{"label":"Home","link":"https:\/\/castillosalsa.com\/pl"},{"label":"404 Page","link":"https:\/\/castillosalsa.com\/pl\/404-page\/"}],"_links":{"self":[{"href":"https:\/\/castillosalsa.com\/pl\/wp-json\/wp\/v2\/pages\/154","targetHints":{"allow":["GET"]}}],"collection":[{"href":"https:\/\/castillosalsa.com\/pl\/wp-json\/wp\/v2\/pages"}],"about":[{"href":"https:\/\/castillosalsa.com\/pl\/wp-json\/wp\/v2\/types\/page"}],"author":[{"embeddable":true,"href":"https:\/\/castillosalsa.com\/pl\/wp-json\/wp\/v2\/users\/1"}],"replies":[{"embeddable":true,"href":"https:\/\/castillosalsa.com\/pl\/wp-json\/wp\/v2\/comments?post=154"}],"version-history":[{"count":0,"href":"https:\/\/castillosalsa.com\/pl\/wp-json\/wp\/v2\/pages\/154\/revisions"}],"wp:attachment":[{"href":"https:\/\/castillosalsa.com\/pl\/wp-json\/wp\/v2\/media?parent=154"}],"curies":[{"name":"wp","href":"https:\/\/api.w.org\/{rel}","templated":true}]}}