{"id":2929,"date":"2025-09-24T18:23:50","date_gmt":"2025-09-24T18:23:50","guid":{"rendered":"https:\/\/castillosalsa.com\/privacy-statement-eu\/"},"modified":"2025-09-26T15:02:29","modified_gmt":"2025-09-26T15:02:29","slug":"privacy-policy","status":"publish","type":"page","link":"https:\/\/castillosalsa.com\/pl\/privacy-policy\/","title":{"rendered":"Polityka prywatno\u015bci"},"content":{"rendered":"<div data-elementor-type=\"wp-page\" data-elementor-id=\"2929\" class=\"elementor elementor-2929\" data-elementor-post-type=\"page\">\n\t\t\t\t<div class=\"elementor-element elementor-element-40613f5d e-flex e-con-boxed e-con e-parent\" data-id=\"40613f5d\" data-element_type=\"container\" data-e-type=\"container\" data-settings=\"{&quot;shape_divider_top&quot;:&quot;curve&quot;}\">\n\t\t\t\t\t<div class=\"e-con-inner\">\n\t\t\t\t<div class=\"elementor-shape elementor-shape-top\" aria-hidden=\"true\" data-negative=\"false\">\n\t\t\t<svg xmlns=\"http:\/\/www.w3.org\/2000\/svg\" viewbox=\"0 0 1000 100\" preserveaspectratio=\"none\">\n    <path class=\"elementor-shape-fill\" d=\"M1000,4.3V0H0v4.3C0.9,23.1,126.7,99.2,500,100S1000,22.7,1000,4.3z\"\/>\n<\/svg>\t\t<\/div>\n\t\t\t\t<div class=\"elementor-element elementor-element-3a07b65 elementor-widget-mobile__width-initial elementor-widget elementor-widget-heading\" data-id=\"3a07b65\" data-element_type=\"widget\" data-e-type=\"widget\" data-widget_type=\"heading.default\">\n\t\t\t\t<div class=\"elementor-widget-container\">\n\t\t\t\t\t<h1 class=\"elementor-heading-title elementor-size-default\">Polityka prywatno\u015bci<\/h1>\t\t\t\t<\/div>\n\t\t\t\t<\/div>\n\t\t\t\t<div class=\"elementor-element elementor-element-6a9f66f5 elementor-widget__width-initial elementor-widget elementor-widget-shortcode\" data-id=\"6a9f66f5\" data-element_type=\"widget\" data-e-type=\"widget\" data-widget_type=\"shortcode.default\">\n\t\t\t\t<div class=\"elementor-widget-container\">\n\t\t\t\t\t\t\t<div class=\"elementor-shortcode\">\n<!-- Legal document generated by Complianz | GDPR\/CCPA Cookie Consent https:\/\/wordpress.org\/plugins\/complianz-gdpr -->\n<div id=\"cmplz-document\" class=\"cmplz-document privacy-statement cmplz-document-eu\"><p><i>Niniejsze o\u015bwiadczenie o ochronie prywatno\u015bci zosta\u0142o ostatnio zmienione wrzesie\u0144 24, 2025 i dotyczy obywateli oraz legalnych sta\u0142ych rezydent\u00f3w Europejskiego Obszaru Gospodarczego i Szwajcarii.<\/i><br \/><br \/><\/p><p><p>W tym o\u015bwiadczeniu o ochronie prywatno\u015bci wyja\u015bniamy, co robimy z danymi, kt\u00f3re uzyskujemy o tobie za po\u015brednictwem <a href=\"https:\/\/castillosalsa.com\/pl\">https:\/\/castillosalsa.com\/pl<\/a>. Zalecamy uwa\u017cne przeczytanie tego o\u015bwiadczenia. Przetwarzaj\u0105c dane, przestrzegamy przepis\u00f3w dotycz\u0105cych prywatno\u015bci. Oznacza to mi\u0119dzy innymi, \u017ce:<\/p><ul>\n                <li>jasno okre\u015blamy cele, dla kt\u00f3rych przetwarzamy dane osobowe. Robimy to za pomoc\u0105 niniejszego o\u015bwiadczenia o ochronie prywatno\u015bci;<\/li>\n                <li>d\u0105\u017cymy do ograniczenia gromadzenia przez nas danych osobowych tylko do tych danych, kt\u00f3re s\u0105 niezb\u0119dne do uzasadnionych cel\u00f3w;<\/li>\n                <li>w pierwszej kolejno\u015bci prosimy o wyra\u017an\u0105 zgod\u0119 na przetwarzanie twoich danych osobowych w przypadkach wymagaj\u0105cych twojej zgody;<\/li>\n                <li>podejmujemy odpowiednie \u015brodki bezpiecze\u0144stwa, aby chroni\u0107 twoje dane osobowe, a tak\u017ce wymagamy tego od stron, kt\u00f3re przetwarzaj\u0105 dane osobowe w naszym imieniu;<\/li>\n                <li>szanujemy twoje prawo dost\u0119pu do twoich danych osobowych, ich poprawiania lub usuwania na twoje \u017c\u0105danie.<\/li>\n            <\/ul><p>Je\u015bli masz jakie\u015b pytania lub chcesz dok\u0142adnie wiedzie\u0107, jakie dane na tw\u00f3j temat przechowujemy, skontaktuj si\u0119 z nami.<\/p><\/p><h2>1. Cel, dane i okres przechowywania<\/h2>Mo\u017cemy zbiera\u0107 lub otrzymywa\u0107 dane osobowe w wielu celach zwi\u0105zanych z nasz\u0105 dzia\u0142alno\u015bci\u0105 biznesow\u0105, kt\u00f3re mog\u0105 obejmowa\u0107: (kliknij, aby rozwin\u0105\u0107)<details class=\"cmplz-dropdown dropdown-privacy-statement\"><summary><div><h3>1.1 Sprzedawa\u0107 lub udost\u0119pnia\u0107 dane podmiotom zewn\u0119trznym.<\/h3><\/div><\/summary><p class=\"cmplz-subtitle\">W tym celu wykorzystujemy nast\u0119puj\u0105ce dane:<\/p><p><ul><li>Imi\u0119 i nazwisko<\/li><li>Adres e-mail<\/li><li>Numer telefonu<\/li><\/ul><\/p><p class=\"cmplz-subtitle\">Podstaw\u0105, na kt\u00f3rej mo\u017cemy przetwarza\u0107 te dane, jest:<\/p><p><a target=\"_blank\" rel=\"noopener noreferrer nofollow\" href=\"https:\/\/cookiedatabase.org\/legal-bases\/#consent\">Za zgod\u0105.<\/a><\/p><p class=\"cmplz-subtitle\">Okres przechowywania<\/p><p>Przechowujemy te dane do zako\u0144czenia us\u0142ugi.<\/p><\/details><details class=\"cmplz-dropdown dropdown-privacy-statement\"><summary><div><h3>1.2 Biuletyny informacyjne<\/h3><\/div><\/summary><p class=\"cmplz-subtitle\">W tym celu wykorzystujemy nast\u0119puj\u0105ce dane:<\/p><p><ul><li>Imi\u0119 i nazwisko<\/li><li>Adres e-mail<\/li><li>Numer telefonu<\/li><\/ul><\/p><p class=\"cmplz-subtitle\">Podstaw\u0105, na kt\u00f3rej mo\u017cemy przetwarza\u0107 te dane, jest:<\/p><p><a target=\"_blank\" rel=\"noopener noreferrer nofollow\" href=\"https:\/\/cookiedatabase.org\/legal-bases\/#consent\">Za zgod\u0105.<\/a><\/p><p class=\"cmplz-subtitle\">Okres przechowywania<\/p><p>Przechowujemy te dane do zako\u0144czenia us\u0142ugi.<\/p><\/details><details class=\"cmplz-dropdown dropdown-privacy-statement\"><summary><div><h3>1.3 Kontakt - przez telefon, poczt\u0119, e-mail i\/lub formularze<\/h3><\/div><\/summary><p class=\"cmplz-subtitle\">W tym celu wykorzystujemy nast\u0119puj\u0105ce dane:<\/p><p><ul><li>Imi\u0119 i nazwisko<\/li><li>Nazwa konta lub pseudonim<\/li><li>Adres e-mail<\/li><li>Numer telefonu<\/li><\/ul><\/p><p class=\"cmplz-subtitle\">Podstaw\u0105, na kt\u00f3rej mo\u017cemy przetwarza\u0107 te dane, jest:<\/p><p><a target=\"_blank\" rel=\"noopener noreferrer nofollow\" href=\"https:\/\/cookiedatabase.org\/legal-bases\/#consent\">Za zgod\u0105.<\/a><\/p><p class=\"cmplz-subtitle\">Okres przechowywania<\/p><p>Przechowujemy te dane do zako\u0144czenia us\u0142ugi.<\/p><\/details><h2>2. Pliki cookie<\/h2><p>Nasza witryna wykorzystuje pliki cookies. Aby uzyska\u0107 wi\u0119cej informacji na temat plik\u00f3w cookies, zapoznaj si\u0119 z nasz\u0105 witryn\u0105 <a href=\"https:\/\/castillosalsa.com\/pl\/cookie-policy\/\">Polityka dotycz\u0105ca plik\u00f3w cookie<\/a>.&nbsp;<\/p><h2>3. Praktyki ujawniania informacji<\/h2><p><p>Udost\u0119pniamy dane osobowe, je\u017celi jeste\u015bmy zobowi\u0105zani przepisami prawa lub na mocy postanowienia s\u0105du, w odpowiedzi na wezwanie organu \u015bcigania, w zakresie dozwolonym na podstawie innych przepis\u00f3w prawa, w celu udzielenia informacji lub w celu przeprowadzenia post\u0119powania wyja\u015bniaj\u0105cego w sprawie zwi\u0105zanej z bezpiecze\u0144stwem publicznym.<\/p><p>Je\u017celi nasza strona internetowa lub organizacja zostanie przej\u0119ta, sprzedana lub zaanga\u017cowana w fuzj\u0119 lub przej\u0119cie, Twoje dane mog\u0105 zosta\u0107 ujawnione naszym doradcom i potencjalnym nabywcom oraz zostan\u0105 przekazane nowym w\u0142a\u015bcicielom.<\/p><\/p><p>Zawarli\u015bmy z Google umow\u0119 o przetwarzaniu danych.<\/p><h2>4. Bezpiecze\u0144stwo<\/h2><p>Dbamy o bezpiecze\u0144stwo danych osobowych. Podejmujemy odpowiednie \u015brodki bezpiecze\u0144stwa, aby ograniczy\u0107 nadu\u017cycia i nieuprawniony dost\u0119p do danych osobowych. Gwarantuje to, \u017ce tylko niezb\u0119dne osoby maj\u0105 dost\u0119p do twoich danych, dost\u0119p do danych jest chroniony, a nasze \u015brodki bezpiecze\u0144stwa s\u0105 regularnie sprawdzane.<\/p><h2>5. Witryny podmiot\u00f3w zewn\u0119trznych<\/h2><p>Niniejsze o\u015bwiadczenie o ochronie prywatno\u015bci nie ma zastosowania do stron internetowych os\u00f3b trzecich po\u0142\u0105czonych linkami na naszej stronie internetowej. Nie mo\u017cemy zagwarantowa\u0107, \u017ce strony trzecie przetwarzaj\u0105 twoje dane osobowe w spos\u00f3b niezawodny lub bezpieczny. Zalecamy zapoznanie si\u0119 z o\u015bwiadczeniami o ochronie prywatno\u015bci tych witryn przed rozpocz\u0119ciem korzystania z nich.<\/p><h2>6. Zmiany niniejszego o\u015bwiadczenia o ochronie prywatno\u015bci<\/h2><p>Zastrzegamy sobie prawo do wprowadzania zmian w niniejszym o\u015bwiadczeniu o ochronie prywatno\u015bci. Zaleca si\u0119 regularne sprawdzanie niniejszego o\u015bwiadczenia o ochronie prywatno\u015bci, aby by\u0107 \u015bwiadomym wszelkich zmian. Ponadto b\u0119dziemy Ci\u0119 aktywnie informowa\u0107, gdy tylko b\u0119dzie to mo\u017cliwe.<\/p><h2>7. Dost\u0119p i modyfikowanie danych<\/h2><p>Je\u015bli masz jakiekolwiek pytania lub chcesz wiedzie\u0107, jakie dane osobowe posiadamy na tw\u00f3j temat, skontaktuj si\u0119 z nami. Mo\u017cesz skontaktowa\u0107 si\u0119 z nami, korzystaj\u0105c z poni\u017cszych informacji. Przys\u0142uguj\u0105 Ci nast\u0119puj\u0105ce prawa:<\/p><ul>\n                <li>Masz prawo wiedzie\u0107, dlaczego potrzebne s\u0105 twoje dane osobowe, co si\u0119 z nimi stanie i jak d\u0142ugo b\u0119d\u0105 przechowywane.<\/li>\n                <li>Prawo dost\u0119pu: Masz prawo dost\u0119pu do swoich danych osobowych, kt\u00f3re s\u0105 nam znane.<\/li>\n                <li>Prawo do sprostowania: masz prawo do uzupe\u0142niania, poprawiania, usuwania lub blokowania swoich danych osobowych w dowolnym momencie.<\/li>\n                <li>Je\u015bli wyrazisz zgod\u0119 na przetwarzanie twoich danych, przys\u0142uguje ci prawo do cofni\u0119cia tej zgody i usuni\u0119cia twoich danych osobowych.<\/li>\n                <li>Prawo do przenoszenia danych: masz prawo za\u017c\u0105da\u0107 wszystkich swoich danych osobowych od administratora i przenie\u015b\u0107 je w ca\u0142o\u015bci do innego administratora.<\/li>\n                <li>Prawo do sprzeciwu: mo\u017cesz sprzeciwi\u0107 si\u0119 przetwarzaniu twoich danych. Przestrzegamy tego, chyba \u017ce istniej\u0105 uzasadnione podstawy do przetwarzania.<\/li>\n            <\/ul><p>Upewnij si\u0119, \u017ce zawsze jasno okre\u015blasz, kim jeste\u015b, aby\u015bmy mieli pewno\u015b\u0107, \u017ce nie modyfikujemy ani nie u\u017cywamy \u017cadnych danych niew\u0142a\u015bciwej osoby.<\/p><h2>8. Z\u0142o\u017cy\u0107 skarg\u0119<\/h2><p>Je\u017celi nie jeste\u015b zadowolony ze sposobu, w jaki obs\u0142ugujemy przetwarzanie twoich danych osobowych (skarga dotycz\u0105ca), przys\u0142uguje ci prawo wniesienia skargi do Urz\u0119du Ochrony Danych.<\/p><h2>9. Dane kontaktowe<\/h2><p>Castillo.Salsa<br \/>\n        Nowowiejska 86<br \/>\n        Polska<br \/>\n        Witryna:  <a href=\"https:\/\/castillosalsa.com\/pl\">https:\/\/castillosalsa.com\/pl<\/a> <br \/>\n        E-mail: <span class=\"cmplz-obfuscate\">t&#101;&#097;&#109;&#046;&#099;&#097;st&#105;&#108;l&#111;&#115;al&#115;a@<span class=\"cmplz-fmail-domain\">&#101;&#120;.c&#111;&#109;<\/span>&#103;mai&#108;&#046;c&#111;m<\/span> <br \/>\n        Numer telefonu: +48 603-335-006<\/p><\/div><\/div>\n\t\t\t\t\t\t<\/div>\n\t\t\t\t<\/div>\n\t\t\t\t\t<\/div>\n\t\t\t\t<\/div>\n\t\t\t\t<\/div>","protected":false},"excerpt":{"rendered":"<p>Polityka prywatno\u015bci<\/p>","protected":false},"author":1,"featured_media":0,"parent":0,"menu_order":0,"comment_status":"closed","ping_status":"closed","template":"","meta":{"footnotes":""},"class_list":["post-2929","page","type-page","status-publish","hentry"],"aioseo_notices":[],"aioseo_head":"\n\t\t<!-- All in One SEO Pro 4.9.0 - aioseo.com -->\n\t<meta name=\"description\" content=\"Privacy policy Niniejsze o\u015bwiadczenie o ochronie prywatno\u015bci zosta\u0142o ostatnio zmienione wrzesie\u0144 24, 2025 i dotyczy obywateli oraz legalnych sta\u0142ych rezydent\u00f3w Europejskiego Obszaru Gospodarczego i Szwajcarii.W tym o\u015bwiadczeniu o ochronie prywatno\u015bci wyja\u015bniamy, co robimy z danymi, kt\u00f3re uzyskujemy o tobie za po\u015brednictwem https:\/\/castillosalsa.com\/pl. Zalecamy uwa\u017cne przeczytanie tego o\u015bwiadczenia. Przetwarzaj\u0105c dane, przestrzegamy przepis\u00f3w dotycz\u0105cych prywatno\u015bci. Oznacza to\" \/>\n\t<meta name=\"robots\" content=\"max-image-preview:large\" \/>\n\t<meta name=\"google-site-verification\" content=\"s_HHf4fGUOEfci2Of7lIv2YArZhojp52tdFEKANWKn8\" \/>\n\t<link rel=\"canonical\" href=\"https:\/\/castillosalsa.com\/pl\/privacy-policy\/\" \/>\n\t<meta name=\"generator\" content=\"All in One SEO Pro (AIOSEO) 4.9.0\" \/>\n\t\t<meta property=\"og:locale\" content=\"pl_PL\" \/>\n\t\t<meta property=\"og:site_name\" content=\"Castillo.Salsa - Cuban Salsa Entertainment for Weddings &amp; Corporate Events\" \/>\n\t\t<meta property=\"og:type\" content=\"article\" \/>\n\t\t<meta property=\"og:title\" content=\"Privacy Policy - Castillo.Salsa\" \/>\n\t\t<meta property=\"og:description\" content=\"Privacy policy Niniejsze o\u015bwiadczenie o ochronie prywatno\u015bci zosta\u0142o ostatnio zmienione wrzesie\u0144 24, 2025 i dotyczy obywateli oraz legalnych sta\u0142ych rezydent\u00f3w Europejskiego Obszaru Gospodarczego i Szwajcarii.W tym o\u015bwiadczeniu o ochronie prywatno\u015bci wyja\u015bniamy, co robimy z danymi, kt\u00f3re uzyskujemy o tobie za po\u015brednictwem https:\/\/castillosalsa.com\/pl. Zalecamy uwa\u017cne przeczytanie tego o\u015bwiadczenia. Przetwarzaj\u0105c dane, przestrzegamy przepis\u00f3w dotycz\u0105cych prywatno\u015bci. Oznacza to\" \/>\n\t\t<meta property=\"og:url\" content=\"https:\/\/castillosalsa.com\/pl\/privacy-policy\/\" \/>\n\t\t<meta property=\"og:image\" content=\"https:\/\/castillosalsa.com\/wp-content\/uploads\/2025\/10\/Diseno-sin-titulo-3.png\" \/>\n\t\t<meta property=\"og:image:secure_url\" content=\"https:\/\/castillosalsa.com\/wp-content\/uploads\/2025\/10\/Diseno-sin-titulo-3.png\" \/>\n\t\t<meta property=\"og:image:width\" content=\"506\" \/>\n\t\t<meta property=\"og:image:height\" content=\"701\" \/>\n\t\t<meta property=\"article:published_time\" content=\"2025-09-24T18:23:50+00:00\" \/>\n\t\t<meta property=\"article:modified_time\" content=\"2025-09-26T15:02:29+00:00\" \/>\n\t\t<meta property=\"article:publisher\" content=\"https:\/\/www.facebook.com\/profile.php?id=61577986204459\" \/>\n\t\t<meta name=\"twitter:card\" content=\"summary_large_image\" \/>\n\t\t<meta name=\"twitter:title\" content=\"Privacy Policy - Castillo.Salsa\" \/>\n\t\t<meta name=\"twitter:description\" content=\"Privacy policy Niniejsze o\u015bwiadczenie o ochronie prywatno\u015bci zosta\u0142o ostatnio zmienione wrzesie\u0144 24, 2025 i dotyczy obywateli oraz legalnych sta\u0142ych rezydent\u00f3w Europejskiego Obszaru Gospodarczego i Szwajcarii.W tym o\u015bwiadczeniu o ochronie prywatno\u015bci wyja\u015bniamy, co robimy z danymi, kt\u00f3re uzyskujemy o tobie za po\u015brednictwem https:\/\/castillosalsa.com\/pl. Zalecamy uwa\u017cne przeczytanie tego o\u015bwiadczenia. Przetwarzaj\u0105c dane, przestrzegamy przepis\u00f3w dotycz\u0105cych prywatno\u015bci. Oznacza to\" \/>\n\t\t<meta name=\"twitter:image\" content=\"https:\/\/castillosalsa.com\/wp-content\/uploads\/2025\/10\/Diseno-sin-titulo-3.png\" \/>\n\t\t<script type=\"application\/ld+json\" class=\"aioseo-schema\">\n\t\t\t{\"@context\":\"https:\\\/\\\/schema.org\",\"@graph\":[{\"@type\":\"BreadcrumbList\",\"@id\":\"https:\\\/\\\/castillosalsa.com\\\/pl\\\/privacy-policy\\\/#breadcrumblist\",\"itemListElement\":[{\"@type\":\"ListItem\",\"@id\":\"https:\\\/\\\/castillosalsa.com\\\/pl#listItem\",\"position\":1,\"name\":\"Home\",\"item\":\"https:\\\/\\\/castillosalsa.com\\\/pl\",\"nextItem\":{\"@type\":\"ListItem\",\"@id\":\"https:\\\/\\\/castillosalsa.com\\\/pl\\\/privacy-policy\\\/#listItem\",\"name\":\"Privacy Policy\"}},{\"@type\":\"ListItem\",\"@id\":\"https:\\\/\\\/castillosalsa.com\\\/pl\\\/privacy-policy\\\/#listItem\",\"position\":2,\"name\":\"Privacy Policy\",\"previousItem\":{\"@type\":\"ListItem\",\"@id\":\"https:\\\/\\\/castillosalsa.com\\\/pl#listItem\",\"name\":\"Home\"}}]},{\"@type\":\"Organization\",\"@id\":\"https:\\\/\\\/castillosalsa.com\\\/pl\\\/#organization\",\"name\":\"Castillo.Salsa\",\"description\":\"Cuban Salsa Entertainment for Weddings & Corporate Events\",\"url\":\"https:\\\/\\\/castillosalsa.com\\\/pl\\\/\",\"telephone\":\"+48603335006\",\"logo\":{\"@type\":\"ImageObject\",\"url\":\"https:\\\/\\\/castillosalsa.com\\\/wp-content\\\/uploads\\\/2025\\\/06\\\/logo-clean.png\",\"@id\":\"https:\\\/\\\/castillosalsa.com\\\/pl\\\/privacy-policy\\\/#organizationLogo\",\"width\":500,\"height\":500,\"caption\":\"logo clean\"},\"image\":{\"@id\":\"https:\\\/\\\/castillosalsa.com\\\/pl\\\/privacy-policy\\\/#organizationLogo\"},\"sameAs\":[\"https:\\\/\\\/www.facebook.com\\\/profile.php?id=61577986204459\",\"https:\\\/\\\/www.instagram.com\\\/castillo.salsa?fbclid=IwY2xjawPh6MRleHRuA2FlbQIxMABicmlkETF3MHVWNUFtUU90YjMzZWxKc3J0YwZhcHBfaWQQMjIyMDM5MTc4ODIwMDg5MgABHu2abswQltVfF9M_eHvWizbAup68OnxFTN-iI3Ww3ff4T_ccuquuECi2JUzy_aem_rKYbjYEPkMLEn541QJ0BEw\",\"https:\\\/\\\/www.tiktok.com\\\/@castillo.salsa?is_from_webapp=1&sender_device=pc\"]},{\"@type\":\"WebPage\",\"@id\":\"https:\\\/\\\/castillosalsa.com\\\/pl\\\/privacy-policy\\\/#webpage\",\"url\":\"https:\\\/\\\/castillosalsa.com\\\/pl\\\/privacy-policy\\\/\",\"name\":\"Privacy Policy - Castillo.Salsa\",\"description\":\"Privacy policy Niniejsze o\\u015bwiadczenie o ochronie prywatno\\u015bci zosta\\u0142o ostatnio zmienione wrzesie\\u0144 24, 2025 i dotyczy obywateli oraz legalnych sta\\u0142ych rezydent\\u00f3w Europejskiego Obszaru Gospodarczego i Szwajcarii.W tym o\\u015bwiadczeniu o ochronie prywatno\\u015bci wyja\\u015bniamy, co robimy z danymi, kt\\u00f3re uzyskujemy o tobie za po\\u015brednictwem https:\\\/\\\/castillosalsa.com\\\/pl. Zalecamy uwa\\u017cne przeczytanie tego o\\u015bwiadczenia. Przetwarzaj\\u0105c dane, przestrzegamy przepis\\u00f3w dotycz\\u0105cych prywatno\\u015bci. Oznacza to\",\"inLanguage\":\"pl-PL\",\"isPartOf\":{\"@id\":\"https:\\\/\\\/castillosalsa.com\\\/pl\\\/#website\"},\"breadcrumb\":{\"@id\":\"https:\\\/\\\/castillosalsa.com\\\/pl\\\/privacy-policy\\\/#breadcrumblist\"},\"datePublished\":\"2025-09-24T18:23:50+00:00\",\"dateModified\":\"2025-09-26T15:02:29+00:00\"},{\"@type\":\"WebSite\",\"@id\":\"https:\\\/\\\/castillosalsa.com\\\/pl\\\/#website\",\"url\":\"https:\\\/\\\/castillosalsa.com\\\/pl\\\/\",\"name\":\"Castillo.Salsa\",\"description\":\"Cuban Salsa Entertainment for Weddings & Corporate Events\",\"inLanguage\":\"pl-PL\",\"publisher\":{\"@id\":\"https:\\\/\\\/castillosalsa.com\\\/pl\\\/#organization\"}}]}\n\t\t<\/script>\n\t\t<!-- All in One SEO Pro -->\r\n\t\t<title>Privacy Policy - Castillo.Salsa<\/title>\n\n","aioseo_head_json":{"title":"Privacy Policy - Castillo.Salsa","description":"Privacy policy Niniejsze o\u015bwiadczenie o ochronie prywatno\u015bci zosta\u0142o ostatnio zmienione wrzesie\u0144 24, 2025 i dotyczy obywateli oraz legalnych sta\u0142ych rezydent\u00f3w Europejskiego Obszaru Gospodarczego i Szwajcarii.W tym o\u015bwiadczeniu o ochronie prywatno\u015bci wyja\u015bniamy, co robimy z danymi, kt\u00f3re uzyskujemy o tobie za po\u015brednictwem https:\/\/castillosalsa.com\/pl. Zalecamy uwa\u017cne przeczytanie tego o\u015bwiadczenia. Przetwarzaj\u0105c dane, przestrzegamy przepis\u00f3w dotycz\u0105cych prywatno\u015bci. Oznacza to","canonical_url":"https:\/\/castillosalsa.com\/pl\/privacy-policy\/","robots":"max-image-preview:large","keywords":"","webmasterTools":{"google-site-verification":"s_HHf4fGUOEfci2Of7lIv2YArZhojp52tdFEKANWKn8","miscellaneous":""},"schema":{"@context":"https:\/\/schema.org","@graph":[{"@type":"BreadcrumbList","@id":"https:\/\/castillosalsa.com\/pl\/privacy-policy\/#breadcrumblist","itemListElement":[{"@type":"ListItem","@id":"https:\/\/castillosalsa.com\/pl#listItem","position":1,"name":"Home","item":"https:\/\/castillosalsa.com\/pl","nextItem":{"@type":"ListItem","@id":"https:\/\/castillosalsa.com\/pl\/privacy-policy\/#listItem","name":"Privacy Policy"}},{"@type":"ListItem","@id":"https:\/\/castillosalsa.com\/pl\/privacy-policy\/#listItem","position":2,"name":"Privacy Policy","previousItem":{"@type":"ListItem","@id":"https:\/\/castillosalsa.com\/pl#listItem","name":"Home"}}]},{"@type":"Organization","@id":"https:\/\/castillosalsa.com\/pl\/#organization","name":"Castillo.Salsa","description":"Cuban Salsa Entertainment for Weddings & Corporate Events","url":"https:\/\/castillosalsa.com\/pl\/","telephone":"+48603335006","logo":{"@type":"ImageObject","url":"https:\/\/castillosalsa.com\/wp-content\/uploads\/2025\/06\/logo-clean.png","@id":"https:\/\/castillosalsa.com\/pl\/privacy-policy\/#organizationLogo","width":500,"height":500,"caption":"logo clean"},"image":{"@id":"https:\/\/castillosalsa.com\/pl\/privacy-policy\/#organizationLogo"},"sameAs":["https:\/\/www.facebook.com\/profile.php?id=61577986204459","https:\/\/www.instagram.com\/castillo.salsa?fbclid=IwY2xjawPh6MRleHRuA2FlbQIxMABicmlkETF3MHVWNUFtUU90YjMzZWxKc3J0YwZhcHBfaWQQMjIyMDM5MTc4ODIwMDg5MgABHu2abswQltVfF9M_eHvWizbAup68OnxFTN-iI3Ww3ff4T_ccuquuECi2JUzy_aem_rKYbjYEPkMLEn541QJ0BEw","https:\/\/www.tiktok.com\/@castillo.salsa?is_from_webapp=1&sender_device=pc"]},{"@type":"WebPage","@id":"https:\/\/castillosalsa.com\/pl\/privacy-policy\/#webpage","url":"https:\/\/castillosalsa.com\/pl\/privacy-policy\/","name":"Privacy Policy - Castillo.Salsa","description":"Privacy policy Niniejsze o\u015bwiadczenie o ochronie prywatno\u015bci zosta\u0142o ostatnio zmienione wrzesie\u0144 24, 2025 i dotyczy obywateli oraz legalnych sta\u0142ych rezydent\u00f3w Europejskiego Obszaru Gospodarczego i Szwajcarii.W tym o\u015bwiadczeniu o ochronie prywatno\u015bci wyja\u015bniamy, co robimy z danymi, kt\u00f3re uzyskujemy o tobie za po\u015brednictwem https:\/\/castillosalsa.com\/pl. Zalecamy uwa\u017cne przeczytanie tego o\u015bwiadczenia. Przetwarzaj\u0105c dane, przestrzegamy przepis\u00f3w dotycz\u0105cych prywatno\u015bci. Oznacza to","inLanguage":"pl-PL","isPartOf":{"@id":"https:\/\/castillosalsa.com\/pl\/#website"},"breadcrumb":{"@id":"https:\/\/castillosalsa.com\/pl\/privacy-policy\/#breadcrumblist"},"datePublished":"2025-09-24T18:23:50+00:00","dateModified":"2025-09-26T15:02:29+00:00"},{"@type":"WebSite","@id":"https:\/\/castillosalsa.com\/pl\/#website","url":"https:\/\/castillosalsa.com\/pl\/","name":"Castillo.Salsa","description":"Cuban Salsa Entertainment for Weddings & Corporate Events","inLanguage":"pl-PL","publisher":{"@id":"https:\/\/castillosalsa.com\/pl\/#organization"}}]},"og:locale":"pl_PL","og:site_name":"Castillo.Salsa - Cuban Salsa Entertainment for Weddings &amp; Corporate Events","og:type":"article","og:title":"Privacy Policy - Castillo.Salsa","og:description":"Privacy policy Niniejsze o\u015bwiadczenie o ochronie prywatno\u015bci zosta\u0142o ostatnio zmienione wrzesie\u0144 24, 2025 i dotyczy obywateli oraz legalnych sta\u0142ych rezydent\u00f3w Europejskiego Obszaru Gospodarczego i Szwajcarii.W tym o\u015bwiadczeniu o ochronie prywatno\u015bci wyja\u015bniamy, co robimy z danymi, kt\u00f3re uzyskujemy o tobie za po\u015brednictwem https:\/\/castillosalsa.com\/pl. Zalecamy uwa\u017cne przeczytanie tego o\u015bwiadczenia. Przetwarzaj\u0105c dane, przestrzegamy przepis\u00f3w dotycz\u0105cych prywatno\u015bci. Oznacza to","og:url":"https:\/\/castillosalsa.com\/pl\/privacy-policy\/","og:image":"https:\/\/castillosalsa.com\/wp-content\/uploads\/2025\/10\/Diseno-sin-titulo-3.png","og:image:secure_url":"https:\/\/castillosalsa.com\/wp-content\/uploads\/2025\/10\/Diseno-sin-titulo-3.png","og:image:width":506,"og:image:height":701,"article:published_time":"2025-09-24T18:23:50+00:00","article:modified_time":"2025-09-26T15:02:29+00:00","article:publisher":"https:\/\/www.facebook.com\/profile.php?id=61577986204459","twitter:card":"summary_large_image","twitter:title":"Privacy Policy - Castillo.Salsa","twitter:description":"Privacy policy Niniejsze o\u015bwiadczenie o ochronie prywatno\u015bci zosta\u0142o ostatnio zmienione wrzesie\u0144 24, 2025 i dotyczy obywateli oraz legalnych sta\u0142ych rezydent\u00f3w Europejskiego Obszaru Gospodarczego i Szwajcarii.W tym o\u015bwiadczeniu o ochronie prywatno\u015bci wyja\u015bniamy, co robimy z danymi, kt\u00f3re uzyskujemy o tobie za po\u015brednictwem https:\/\/castillosalsa.com\/pl. Zalecamy uwa\u017cne przeczytanie tego o\u015bwiadczenia. Przetwarzaj\u0105c dane, przestrzegamy przepis\u00f3w dotycz\u0105cych prywatno\u015bci. Oznacza to","twitter:image":"https:\/\/castillosalsa.com\/wp-content\/uploads\/2025\/10\/Diseno-sin-titulo-3.png"},"aioseo_meta_data":{"post_id":"2929","title":null,"description":null,"keywords":null,"keyphrases":null,"primary_term":null,"canonical_url":null,"og_title":null,"og_description":null,"og_object_type":"default","og_image_type":"default","og_image_url":null,"og_image_width":null,"og_image_height":null,"og_image_custom_url":null,"og_image_custom_fields":null,"og_video":null,"og_custom_url":null,"og_article_section":null,"og_article_tags":null,"twitter_use_og":false,"twitter_card":"default","twitter_image_type":"default","twitter_image_url":null,"twitter_image_custom_url":null,"twitter_image_custom_fields":null,"twitter_title":null,"twitter_description":null,"schema":{"blockGraphs":[],"customGraphs":[],"default":{"data":{"Article":[],"Course":[],"Dataset":[],"FAQPage":[],"Movie":[],"Person":[],"Product":[],"ProductReview":[],"Car":[],"Recipe":[],"Service":[],"SoftwareApplication":[],"WebPage":[]},"graphName":"","isEnabled":true},"graphs":[]},"schema_type":"default","schema_type_options":null,"pillar_content":false,"robots_default":true,"robots_noindex":false,"robots_noarchive":false,"robots_nosnippet":false,"robots_nofollow":false,"robots_noimageindex":false,"robots_noodp":false,"robots_notranslate":false,"robots_max_snippet":null,"robots_max_videopreview":null,"robots_max_imagepreview":"large","priority":null,"frequency":null,"local_seo":null,"seo_analyzer_scan_date":"2026-01-24 18:00:59","breadcrumb_settings":null,"limit_modified_date":false,"open_ai":null,"ai":null,"created":"2026-01-24 18:00:59","updated":"2026-01-24 18:21:41"},"aioseo_breadcrumb":"<div class=\"aioseo-breadcrumbs\"><span class=\"aioseo-breadcrumb\">\n\t<a href=\"https:\/\/castillosalsa.com\/pl\" title=\"Home\">Home<\/a>\n<\/span><span class=\"aioseo-breadcrumb-separator\">&raquo;<\/span><span class=\"aioseo-breadcrumb\">\n\tPrivacy Policy\n<\/span><\/div>","aioseo_breadcrumb_json":[{"label":"Home","link":"https:\/\/castillosalsa.com\/pl"},{"label":"Privacy Policy","link":"https:\/\/castillosalsa.com\/pl\/privacy-policy\/"}],"_links":{"self":[{"href":"https:\/\/castillosalsa.com\/pl\/wp-json\/wp\/v2\/pages\/2929","targetHints":{"allow":["GET"]}}],"collection":[{"href":"https:\/\/castillosalsa.com\/pl\/wp-json\/wp\/v2\/pages"}],"about":[{"href":"https:\/\/castillosalsa.com\/pl\/wp-json\/wp\/v2\/types\/page"}],"author":[{"embeddable":true,"href":"https:\/\/castillosalsa.com\/pl\/wp-json\/wp\/v2\/users\/1"}],"replies":[{"embeddable":true,"href":"https:\/\/castillosalsa.com\/pl\/wp-json\/wp\/v2\/comments?post=2929"}],"version-history":[{"count":0,"href":"https:\/\/castillosalsa.com\/pl\/wp-json\/wp\/v2\/pages\/2929\/revisions"}],"wp:attachment":[{"href":"https:\/\/castillosalsa.com\/pl\/wp-json\/wp\/v2\/media?parent=2929"}],"curies":[{"name":"wp","href":"https:\/\/api.w.org\/{rel}","templated":true}]}}